{"id":146,"date":"2015-03-15T16:40:58","date_gmt":"2015-03-15T14:40:58","guid":{"rendered":"https:\/\/vollmundigblog.wordpress.com\/?page_id=146"},"modified":"2025-09-23T17:27:40","modified_gmt":"2025-09-23T15:27:40","slug":"about-vollmundig","status":"publish","type":"page","link":"https:\/\/www.vollmundig.org\/home\/about-vollmundig\/","title":{"rendered":"\u00dcBER MICH"},"content":{"rendered":"\t\t<div data-elementor-type=\"wp-page\" data-elementor-id=\"146\" class=\"elementor elementor-146\">\n\t\t\t\t\t\t<section class=\"elementor-section elementor-top-section elementor-element elementor-element-4c3accfc elementor-section-full_width elementor-section-height-default elementor-section-height-default\" data-id=\"4c3accfc\" data-element_type=\"section\" data-e-type=\"section\">\n\t\t\t\t\t\t<div class=\"elementor-container elementor-column-gap-no\">\n\t\t\t\t\t<div class=\"elementor-column elementor-col-100 elementor-top-column elementor-element elementor-element-18341983\" data-id=\"18341983\" data-element_type=\"column\" data-e-type=\"column\">\n\t\t\t<div class=\"elementor-widget-wrap elementor-element-populated\">\n\t\t\t\t\t\t<div class=\"elementor-element elementor-element-37ea2895 elementor-invisible elementor-widget elementor-widget-image\" data-id=\"37ea2895\" data-element_type=\"widget\" data-e-type=\"widget\" data-settings=\"{&quot;_animation&quot;:&quot;fadeInUp&quot;}\" data-widget_type=\"image.default\">\n\t\t\t\t<div class=\"elementor-widget-container\">\n\t\t\t\t\t\t\t\t\t\t\t\t\t\t\t<img fetchpriority=\"high\" decoding=\"async\" data-attachment-id=\"14358\" data-permalink=\"https:\/\/www.vollmundig.org\/home\/about-vollmundig\/default-26\/\" data-orig-file=\"https:\/\/i0.wp.com\/www.vollmundig.org\/home\/wp-content\/uploads\/2025\/09\/DJI_20240121103446_0347_D-e1758640658520.jpg?fit=1920%2C1080&amp;ssl=1\" data-orig-size=\"1920,1080\" data-comments-opened=\"1\" data-image-meta=\"{&quot;aperture&quot;:&quot;1.7&quot;,&quot;credit&quot;:&quot;&quot;,&quot;camera&quot;:&quot;FC8482&quot;,&quot;caption&quot;:&quot;default&quot;,&quot;created_timestamp&quot;:&quot;1705833286&quot;,&quot;copyright&quot;:&quot;&quot;,&quot;focal_length&quot;:&quot;6.72&quot;,&quot;iso&quot;:&quot;100&quot;,&quot;shutter_speed&quot;:&quot;0.0002&quot;,&quot;title&quot;:&quot;default&quot;,&quot;orientation&quot;:&quot;0&quot;}\" data-image-title=\"default\" data-image-description=\"\" data-image-caption=\"&lt;p&gt;default&lt;\/p&gt;\n\" data-medium-file=\"https:\/\/i0.wp.com\/www.vollmundig.org\/home\/wp-content\/uploads\/2025\/09\/DJI_20240121103446_0347_D-e1758640658520.jpg?fit=300%2C169&amp;ssl=1\" data-large-file=\"https:\/\/i0.wp.com\/www.vollmundig.org\/home\/wp-content\/uploads\/2025\/09\/DJI_20240121103446_0347_D-e1758640658520.jpg?fit=800%2C450&amp;ssl=1\" width=\"1920\" height=\"1080\" src=\"https:\/\/i0.wp.com\/www.vollmundig.org\/home\/wp-content\/uploads\/2025\/09\/DJI_20240121103446_0347_D-e1758640658520.jpg?fit=1920%2C1080&amp;ssl=1\" class=\"attachment-full size-full wp-image-14358\" alt=\"\" srcset=\"https:\/\/i0.wp.com\/www.vollmundig.org\/home\/wp-content\/uploads\/2025\/09\/DJI_20240121103446_0347_D-e1758640658520.jpg?w=1920&amp;ssl=1 1920w, https:\/\/i0.wp.com\/www.vollmundig.org\/home\/wp-content\/uploads\/2025\/09\/DJI_20240121103446_0347_D-e1758640658520.jpg?resize=300%2C169&amp;ssl=1 300w, https:\/\/i0.wp.com\/www.vollmundig.org\/home\/wp-content\/uploads\/2025\/09\/DJI_20240121103446_0347_D-e1758640658520.jpg?resize=1024%2C576&amp;ssl=1 1024w, https:\/\/i0.wp.com\/www.vollmundig.org\/home\/wp-content\/uploads\/2025\/09\/DJI_20240121103446_0347_D-e1758640658520.jpg?resize=768%2C432&amp;ssl=1 768w, https:\/\/i0.wp.com\/www.vollmundig.org\/home\/wp-content\/uploads\/2025\/09\/DJI_20240121103446_0347_D-e1758640658520.jpg?resize=1536%2C864&amp;ssl=1 1536w, https:\/\/i0.wp.com\/www.vollmundig.org\/home\/wp-content\/uploads\/2025\/09\/DJI_20240121103446_0347_D-e1758640658520.jpg?w=1600&amp;ssl=1 1600w\" sizes=\"(max-width: 800px) 100vw, 800px\" data-attachment-id=\"14358\" data-permalink=\"https:\/\/www.vollmundig.org\/home\/about-vollmundig\/default-26\/\" data-orig-file=\"https:\/\/i0.wp.com\/www.vollmundig.org\/home\/wp-content\/uploads\/2025\/09\/DJI_20240121103446_0347_D-e1758640658520.jpg?fit=1920%2C1080&amp;ssl=1\" data-orig-size=\"1920,1080\" data-comments-opened=\"1\" data-image-meta=\"{&quot;aperture&quot;:&quot;1.7&quot;,&quot;credit&quot;:&quot;&quot;,&quot;camera&quot;:&quot;FC8482&quot;,&quot;caption&quot;:&quot;default&quot;,&quot;created_timestamp&quot;:&quot;1705833286&quot;,&quot;copyright&quot;:&quot;&quot;,&quot;focal_length&quot;:&quot;6.72&quot;,&quot;iso&quot;:&quot;100&quot;,&quot;shutter_speed&quot;:&quot;0.0002&quot;,&quot;title&quot;:&quot;default&quot;,&quot;orientation&quot;:&quot;0&quot;}\" data-image-title=\"default\" data-image-description=\"\" data-image-caption=\"&lt;p&gt;default&lt;\/p&gt;\n\" data-medium-file=\"https:\/\/i0.wp.com\/www.vollmundig.org\/home\/wp-content\/uploads\/2025\/09\/DJI_20240121103446_0347_D-e1758640658520.jpg?fit=300%2C169&amp;ssl=1\" data-large-file=\"https:\/\/i0.wp.com\/www.vollmundig.org\/home\/wp-content\/uploads\/2025\/09\/DJI_20240121103446_0347_D-e1758640658520.jpg?fit=800%2C450&amp;ssl=1\" \/>\t\t\t\t\t\t\t\t\t\t\t\t\t\t\t<\/div>\n\t\t\t\t<\/div>\n\t\t\t\t<div class=\"elementor-element elementor-element-1904901e elementor-widget elementor-widget-spacer\" data-id=\"1904901e\" data-element_type=\"widget\" data-e-type=\"widget\" data-widget_type=\"spacer.default\">\n\t\t\t\t<div class=\"elementor-widget-container\">\n\t\t\t\t\t\t\t<div class=\"elementor-spacer\">\n\t\t\t<div class=\"elementor-spacer-inner\"><\/div>\n\t\t<\/div>\n\t\t\t\t\t\t<\/div>\n\t\t\t\t<\/div>\n\t\t\t\t<div class=\"elementor-element elementor-element-232cb05a elementor-widget elementor-widget-spacer\" data-id=\"232cb05a\" data-element_type=\"widget\" data-e-type=\"widget\" data-widget_type=\"spacer.default\">\n\t\t\t\t<div class=\"elementor-widget-container\">\n\t\t\t\t\t\t\t<div class=\"elementor-spacer\">\n\t\t\t<div class=\"elementor-spacer-inner\"><\/div>\n\t\t<\/div>\n\t\t\t\t\t\t<\/div>\n\t\t\t\t<\/div>\n\t\t\t\t\t<\/div>\n\t\t<\/div>\n\t\t\t\t\t<\/div>\n\t\t<\/section>\n\t\t\t\t<section class=\"elementor-section elementor-top-section elementor-element elementor-element-415a95fc elementor-section-full_width elementor-section-content-middle elementor-section-height-default elementor-section-height-default\" data-id=\"415a95fc\" data-element_type=\"section\" data-e-type=\"section\">\n\t\t\t\t\t\t<div class=\"elementor-container elementor-column-gap-no\">\n\t\t\t\t\t<div class=\"elementor-column elementor-col-33 elementor-top-column elementor-element elementor-element-2cf65647\" data-id=\"2cf65647\" data-element_type=\"column\" data-e-type=\"column\">\n\t\t\t<div class=\"elementor-widget-wrap elementor-element-populated\">\n\t\t\t\t\t\t<div class=\"elementor-element elementor-element-e9bb431 elementor-widget elementor-widget-heading\" data-id=\"e9bb431\" data-element_type=\"widget\" data-e-type=\"widget\" data-widget_type=\"heading.default\">\n\t\t\t\t<div class=\"elementor-widget-container\">\n\t\t\t\t\t<h3 class=\"elementor-heading-title elementor-size-default\">Hi, ich bin Jessie \u2013 Gr\u00fcnderin von vollmundig.<\/h3>\t\t\t\t<\/div>\n\t\t\t\t<\/div>\n\t\t\t\t\t<\/div>\n\t\t<\/div>\n\t\t\t\t<div class=\"elementor-column elementor-col-33 elementor-top-column elementor-element elementor-element-2e9be94c\" data-id=\"2e9be94c\" data-element_type=\"column\" data-e-type=\"column\">\n\t\t\t<div class=\"elementor-widget-wrap elementor-element-populated\">\n\t\t\t\t\t\t<div class=\"elementor-element elementor-element-7fc58211 elementor-widget elementor-widget-text-editor\" data-id=\"7fc58211\" data-element_type=\"widget\" data-e-type=\"widget\" data-widget_type=\"text-editor.default\">\n\t\t\t\t<div class=\"elementor-widget-container\">\n\t\t\t\t\t\t\t\t\t<p>IIch ich bin im westlichsten Bundesland \u00d6sterreichs \u2013 zwischen urbanem Flair, traumhafter Bergkulisse und l\u00e4ndlichem Einfluss aufgewachsen. Umgeben von Obstb\u00e4umen, Gem\u00fcseg\u00e4rten und Wildkr\u00e4utern in den Bergen, entdeckte ich w\u00e4hrend meines Master Studiums nicht nur die Leidenschaft f\u00fcr Kulinarik, sondern auch die Lust am Reisen und Fotografieren.\u00a0<\/p><p>Im Jahr 2016 gr\u00fcndete ich vollmundig \u2013\u00a0<span style=\"letter-spacing: 0px;\">ein Foodblog aus Vorarlberg, inspiriert von Natur und Reisen. Neben kreativen Rezepten geh\u00f6ren auch kulinarische Reisereportagen zum fixen Bestandteil des Blogs.<\/span><\/p><p class=\"p1\">Seither erwecke ich nicht nur Tischgeschichten zum leben, sondern entwickle auch geschmackvolle Rezepte mit bestimmten Produkten, zu bestimmten Themen oder Anl\u00e4ssen f\u00fcr Kunden. Mein Wissen rund um das Thema Food-Styling und Fotografie teile ich in Form von spannenden Workshops.<\/p>\t\t\t\t\t\t\t\t<\/div>\n\t\t\t\t<\/div>\n\t\t\t\t<div class=\"elementor-element elementor-element-1f65a9a2 elementor-align-left elementor-mobile-align-center elementor-widget elementor-widget-button\" data-id=\"1f65a9a2\" data-element_type=\"widget\" data-e-type=\"widget\" data-widget_type=\"button.default\">\n\t\t\t\t<div class=\"elementor-widget-container\">\n\t\t\t\t\t\t\t\t\t<div class=\"elementor-button-wrapper\">\n\t\t\t\t\t<a class=\"elementor-button elementor-button-link elementor-size-sm\" href=\"https:\/\/www.vollmundig.org\/home\/\">\n\t\t\t\t\t\t<span class=\"elementor-button-content-wrapper\">\n\t\t\t\t\t\t\t\t\t<span class=\"elementor-button-text\">Lust auf einen Espresso? <\/span>\n\t\t\t\t\t<\/span>\n\t\t\t\t\t<\/a>\n\t\t\t\t<\/div>\n\t\t\t\t\t\t\t\t<\/div>\n\t\t\t\t<\/div>\n\t\t\t\t\t<\/div>\n\t\t<\/div>\n\t\t\t\t<div class=\"elementor-column elementor-col-33 elementor-top-column elementor-element elementor-element-1000ab5d\" data-id=\"1000ab5d\" data-element_type=\"column\" data-e-type=\"column\">\n\t\t\t<div class=\"elementor-widget-wrap elementor-element-populated\">\n\t\t\t\t\t\t<div class=\"elementor-element elementor-element-6f2edf04 elementor-widget elementor-widget-image\" data-id=\"6f2edf04\" data-element_type=\"widget\" data-e-type=\"widget\" data-widget_type=\"image.default\">\n\t\t\t\t<div class=\"elementor-widget-container\">\n\t\t\t\t\t\t\t\t\t\t\t\t\t\t\t<img decoding=\"async\" data-attachment-id=\"14316\" data-permalink=\"https:\/\/www.vollmundig.org\/home\/home-5\/jl-02-4\/\" data-orig-file=\"https:\/\/i0.wp.com\/www.vollmundig.org\/home\/wp-content\/uploads\/2025\/09\/JL-02-4.jpg?fit=667%2C834&amp;ssl=1\" data-orig-size=\"667,834\" data-comments-opened=\"1\" data-image-meta=\"{&quot;aperture&quot;:&quot;2&quot;,&quot;credit&quot;:&quot;&quot;,&quot;camera&quot;:&quot;Canon EOS R6&quot;,&quot;caption&quot;:&quot;&quot;,&quot;created_timestamp&quot;:&quot;1712660876&quot;,&quot;copyright&quot;:&quot;&quot;,&quot;focal_length&quot;:&quot;50&quot;,&quot;iso&quot;:&quot;160&quot;,&quot;shutter_speed&quot;:&quot;0.01&quot;,&quot;title&quot;:&quot;&quot;,&quot;orientation&quot;:&quot;0&quot;}\" data-image-title=\"JL-02-4\" data-image-description=\"\" data-image-caption=\"\" data-medium-file=\"https:\/\/i0.wp.com\/www.vollmundig.org\/home\/wp-content\/uploads\/2025\/09\/JL-02-4.jpg?fit=240%2C300&amp;ssl=1\" data-large-file=\"https:\/\/i0.wp.com\/www.vollmundig.org\/home\/wp-content\/uploads\/2025\/09\/JL-02-4.jpg?fit=667%2C834&amp;ssl=1\" width=\"667\" height=\"834\" src=\"https:\/\/i0.wp.com\/www.vollmundig.org\/home\/wp-content\/uploads\/2025\/09\/JL-02-4.jpg?fit=667%2C834&amp;ssl=1\" class=\"attachment-full size-full wp-image-14316\" alt=\"\" srcset=\"https:\/\/i0.wp.com\/www.vollmundig.org\/home\/wp-content\/uploads\/2025\/09\/JL-02-4.jpg?w=667&amp;ssl=1 667w, https:\/\/i0.wp.com\/www.vollmundig.org\/home\/wp-content\/uploads\/2025\/09\/JL-02-4.jpg?resize=240%2C300&amp;ssl=1 240w\" sizes=\"(max-width: 667px) 100vw, 667px\" data-attachment-id=\"14316\" data-permalink=\"https:\/\/www.vollmundig.org\/home\/home-5\/jl-02-4\/\" data-orig-file=\"https:\/\/i0.wp.com\/www.vollmundig.org\/home\/wp-content\/uploads\/2025\/09\/JL-02-4.jpg?fit=667%2C834&amp;ssl=1\" data-orig-size=\"667,834\" data-comments-opened=\"1\" data-image-meta=\"{&quot;aperture&quot;:&quot;2&quot;,&quot;credit&quot;:&quot;&quot;,&quot;camera&quot;:&quot;Canon EOS R6&quot;,&quot;caption&quot;:&quot;&quot;,&quot;created_timestamp&quot;:&quot;1712660876&quot;,&quot;copyright&quot;:&quot;&quot;,&quot;focal_length&quot;:&quot;50&quot;,&quot;iso&quot;:&quot;160&quot;,&quot;shutter_speed&quot;:&quot;0.01&quot;,&quot;title&quot;:&quot;&quot;,&quot;orientation&quot;:&quot;0&quot;}\" data-image-title=\"JL-02-4\" data-image-description=\"\" data-image-caption=\"\" data-medium-file=\"https:\/\/i0.wp.com\/www.vollmundig.org\/home\/wp-content\/uploads\/2025\/09\/JL-02-4.jpg?fit=240%2C300&amp;ssl=1\" data-large-file=\"https:\/\/i0.wp.com\/www.vollmundig.org\/home\/wp-content\/uploads\/2025\/09\/JL-02-4.jpg?fit=667%2C834&amp;ssl=1\" \/>\t\t\t\t\t\t\t\t\t\t\t\t\t\t\t<\/div>\n\t\t\t\t<\/div>\n\t\t\t\t\t<\/div>\n\t\t<\/div>\n\t\t\t\t\t<\/div>\n\t\t<\/section>\n\t\t\t\t<section class=\"elementor-section elementor-top-section elementor-element elementor-element-418a412 elementor-section-boxed elementor-section-height-default elementor-section-height-default\" data-id=\"418a412\" data-element_type=\"section\" data-e-type=\"section\">\n\t\t\t\t\t\t<div class=\"elementor-container elementor-column-gap-default\">\n\t\t\t\t\t<div class=\"elementor-column elementor-col-100 elementor-top-column elementor-element elementor-element-43e3020\" data-id=\"43e3020\" data-element_type=\"column\" data-e-type=\"column\">\n\t\t\t<div class=\"elementor-widget-wrap\">\n\t\t\t\t\t\t\t<\/div>\n\t\t<\/div>\n\t\t\t\t\t<\/div>\n\t\t<\/section>\n\t\t\t\t<\/div>\n\t\t","protected":false},"excerpt":{"rendered":"<p>Hi, ich bin Jessie \u2013 Gr\u00fcnderin von vollmundig. IIch ich bin im westlichsten Bundesland \u00d6sterreichs \u2013 zwischen urbanem Flair, traumhafter Bergkulisse und l\u00e4ndlichem Einfluss aufgewachsen. Umgeben von Obstb\u00e4umen, Gem\u00fcseg\u00e4rten und Wildkr\u00e4utern in den Bergen, entdeckte ich w\u00e4hrend meines Master Studiums nicht nur die Leidenschaft f\u00fcr Kulinarik, sondern auch die Lust am Reisen und Fotografieren.\u00a0 Im [&hellip;]<\/p>\n","protected":false},"author":2,"featured_media":0,"parent":0,"menu_order":0,"comment_status":"open","ping_status":"open","template":"","meta":{"om_disable_all_campaigns":false,"_monsterinsights_skip_tracking":false,"_monsterinsights_sitenote_active":false,"_monsterinsights_sitenote_note":"","_monsterinsights_sitenote_category":0,"jetpack_post_was_ever_published":false,"footnotes":""},"class_list":["post-146","page","type-page","status-publish","hentry"],"jetpack_sharing_enabled":true,"jetpack_shortlink":"https:\/\/wp.me\/PdBgcz-2m","jetpack-related-posts":[{"id":9270,"url":"https:\/\/www.vollmundig.org\/home\/datenschutz\/","url_meta":{"origin":146,"position":0},"title":"DATENSCHUTZ","author":"Jessie","date":"26. November 2021","format":false,"excerpt":"datenschutz Wir haben diese Datenschutzerkl\u00e4rung (Fassung 15.08.2021-221147603) verfasst, um Ihnen gem\u00e4\u00df der Vorgaben der Datenschutz-Grundverordnung (EU) 2016\/679 und anwendbaren nationalen Gesetzen zu erkl\u00e4ren, welche personenbezogenen Daten (kurz Daten) wir als Verantwortliche verarbeiten, zuk\u00fcnftig verarbeiten werden und welche rechtm\u00e4\u00dfigen M\u00f6glichkeiten Sie haben. Wir informieren Sie umfassend \u00fcber Daten, die wir \u00fcber\u2026","rel":"","context":"\u00c4hnlicher Beitrag","block_context":{"text":"\u00c4hnlicher Beitrag","link":""},"img":{"alt_text":"","src":"https:\/\/i0.wp.com\/www.vollmundig.org\/home\/wp-content\/uploads\/2021\/12\/website_block_438x600-1037162-scaled.jpg?resize=350%2C200&ssl=1","width":350,"height":200,"srcset":"https:\/\/i0.wp.com\/www.vollmundig.org\/home\/wp-content\/uploads\/2021\/12\/website_block_438x600-1037162-scaled.jpg?resize=350%2C200&ssl=1 1x, https:\/\/i0.wp.com\/www.vollmundig.org\/home\/wp-content\/uploads\/2021\/12\/website_block_438x600-1037162-scaled.jpg?resize=525%2C300&ssl=1 1.5x, https:\/\/i0.wp.com\/www.vollmundig.org\/home\/wp-content\/uploads\/2021\/12\/website_block_438x600-1037162-scaled.jpg?resize=700%2C400&ssl=1 2x, https:\/\/i0.wp.com\/www.vollmundig.org\/home\/wp-content\/uploads\/2021\/12\/website_block_438x600-1037162-scaled.jpg?resize=1050%2C600&ssl=1 3x, https:\/\/i0.wp.com\/www.vollmundig.org\/home\/wp-content\/uploads\/2021\/12\/website_block_438x600-1037162-scaled.jpg?resize=1400%2C800&ssl=1 4x"},"classes":[]},{"id":1162,"url":"https:\/\/www.vollmundig.org\/home\/leistungen\/","url_meta":{"origin":146,"position":1},"title":"Leistungen","author":"Jess","date":"14. November 2015","format":false,"excerpt":"Zusammen Ideen zum Leben erwecken Food Fotografie - Video Content - Workshops - Reisereportagen\u00a0 Rezepte, die direkt in die Geschmacksknospen treffen. Seit 2016 erwecke ich Tischgeschichten zum Leben und entwickle f\u00fcr meine Kunden und Community geschmackvolle Rezepte zu bestimmten Themen und Anl\u00e4ssen \u2013 mit sorgf\u00e4ltig ausgew\u00e4hlten Produkten.Von der Rezeptentwicklung \u00fcber\u2026","rel":"","context":"Mit 1 Kommentar","block_context":{"text":"Mit 1 Kommentar","link":"https:\/\/www.vollmundig.org\/home\/leistungen\/#comments"},"img":{"alt_text":"","src":"https:\/\/i0.wp.com\/www.vollmundig.org\/home\/wp-content\/uploads\/2025\/09\/0M7A6848-Bearbeitet-2.jpg?resize=350%2C200&ssl=1","width":350,"height":200,"srcset":"https:\/\/i0.wp.com\/www.vollmundig.org\/home\/wp-content\/uploads\/2025\/09\/0M7A6848-Bearbeitet-2.jpg?resize=350%2C200&ssl=1 1x, https:\/\/i0.wp.com\/www.vollmundig.org\/home\/wp-content\/uploads\/2025\/09\/0M7A6848-Bearbeitet-2.jpg?resize=525%2C300&ssl=1 1.5x, https:\/\/i0.wp.com\/www.vollmundig.org\/home\/wp-content\/uploads\/2025\/09\/0M7A6848-Bearbeitet-2.jpg?resize=700%2C400&ssl=1 2x, https:\/\/i0.wp.com\/www.vollmundig.org\/home\/wp-content\/uploads\/2025\/09\/0M7A6848-Bearbeitet-2.jpg?resize=1050%2C600&ssl=1 3x, https:\/\/i0.wp.com\/www.vollmundig.org\/home\/wp-content\/uploads\/2025\/09\/0M7A6848-Bearbeitet-2.jpg?resize=1400%2C800&ssl=1 4x"},"classes":[]},{"id":2,"url":"https:\/\/www.vollmundig.org\/home\/beispiel-seite\/","url_meta":{"origin":146,"position":2},"title":"Beispiel-Seite","author":"Jessie","date":"27. Dezember 2015","format":false,"excerpt":"Dies ist eine Beispiel-Seite. Sie unterscheidet sich von Beitr\u00e4gen, weil sie stets an der selben Stelle bleibt und (bei den meisten Themes) in der Navigationsleiste angezeigt wird. Die meisten Leute starten mit einer \u201e\u00dcber uns\u201c-Seite mit einer Vorstellung f\u00fcr m\u00f6gliche Besucher der Website. Dort k\u00f6nnte zum Beispiel stehen: Hallo! Tags\u00fcber\u2026","rel":"","context":"\u00c4hnlicher Beitrag","block_context":{"text":"\u00c4hnlicher Beitrag","link":""},"img":{"alt_text":"","src":"","width":0,"height":0},"classes":[]},{"id":1451,"url":"https:\/\/www.vollmundig.org\/home\/presse\/","url_meta":{"origin":146,"position":3},"title":"Presse","author":"Jess","date":"22. November 2015","format":false,"excerpt":"vollmundig in Magazinen. Moka Magazin. Ausgabe Fr\u00fchling 2017 Wienerin. Juni 2016 Lola. Sommer 2016. Ausgabe 2. \u00a0 Mein Cafe-Tipp in der #1 Ausgabe des neuen Magazin LOLA von Gusto. \u00a0 Blog Vorstellung im Cooking Magazin & mein Bagel - Rezept am 18. Dezember 2015 Teil 4 der Wann & Wo\u2026","rel":"","context":"\u00c4hnlicher Beitrag","block_context":{"text":"\u00c4hnlicher Beitrag","link":""},"img":{"alt_text":"Bildschirmfoto 2017-03-27 um 08.48.18","src":"https:\/\/i0.wp.com\/www.vollmundig.org\/wp-content\/uploads\/2015\/11\/Bildschirmfoto-2017-03-27-um-08.48.18.png?resize=350%2C200","width":350,"height":200,"srcset":"https:\/\/i0.wp.com\/www.vollmundig.org\/wp-content\/uploads\/2015\/11\/Bildschirmfoto-2017-03-27-um-08.48.18.png?resize=350%2C200 1x, https:\/\/i0.wp.com\/www.vollmundig.org\/wp-content\/uploads\/2015\/11\/Bildschirmfoto-2017-03-27-um-08.48.18.png?resize=525%2C300 1.5x, https:\/\/i0.wp.com\/www.vollmundig.org\/wp-content\/uploads\/2015\/11\/Bildschirmfoto-2017-03-27-um-08.48.18.png?resize=700%2C400 2x, https:\/\/i0.wp.com\/www.vollmundig.org\/wp-content\/uploads\/2015\/11\/Bildschirmfoto-2017-03-27-um-08.48.18.png?resize=1050%2C600 3x, https:\/\/i0.wp.com\/www.vollmundig.org\/wp-content\/uploads\/2015\/11\/Bildschirmfoto-2017-03-27-um-08.48.18.png?resize=1400%2C800 4x"},"classes":[]},{"id":9266,"url":"https:\/\/www.vollmundig.org\/home\/impressum-2\/","url_meta":{"origin":146,"position":4},"title":"IMPRESSUM","author":"Jessie","date":"26. November 2021","format":false,"excerpt":"impressum Informationspflicht laut\u00a0\u00a75 E-Commerce Gesetz, \u00a714 Unternehmensgesetzbuch, \u00a763 Gewerbeordnung und Offenlegungspflicht laut \u00a725 Mediengesetz.\u00a0vollmundigJessica Lerchenm\u00fcller Widagasse 11,6850 Dornbirn,\u00a0\u00d6sterreichUnternehmensgegenstand: Werbeagentur Tel.: 06769088232E-Mail: jessica@vollmundig.orgMitglied bei: WKO, Vorarlberg Berufsrecht: Gewerbeordnung www.ris.bka.gv.at Aufsichtsbeh\u00f6rde\/Gewerbebeh\u00f6rde: Bezirkshauptmannschaft DornbirnBerufsbezeichnung: digitales Projektmanagement\u00a0Verleihungsstaat: \u00d6sterreich Quelle: Erstellt mit dem Impressum Generator von firmenwebseiten.at EU-Streitschlichtung Gem\u00e4\u00df Verordnung \u00fcber Online-Streitbeilegung in Verbraucherangelegenheiten (ODR-Verordnung)\u2026","rel":"","context":"\u00c4hnlicher Beitrag","block_context":{"text":"\u00c4hnlicher Beitrag","link":""},"img":{"alt_text":"","src":"https:\/\/i0.wp.com\/www.vollmundig.org\/vollmundig\/wp-content\/uploads\/2021\/12\/website_block_438x600-1037170-scaled.jpg?resize=350%2C200","width":350,"height":200,"srcset":"https:\/\/i0.wp.com\/www.vollmundig.org\/vollmundig\/wp-content\/uploads\/2021\/12\/website_block_438x600-1037170-scaled.jpg?resize=350%2C200 1x, https:\/\/i0.wp.com\/www.vollmundig.org\/vollmundig\/wp-content\/uploads\/2021\/12\/website_block_438x600-1037170-scaled.jpg?resize=525%2C300 1.5x, https:\/\/i0.wp.com\/www.vollmundig.org\/vollmundig\/wp-content\/uploads\/2021\/12\/website_block_438x600-1037170-scaled.jpg?resize=700%2C400 2x, https:\/\/i0.wp.com\/www.vollmundig.org\/vollmundig\/wp-content\/uploads\/2021\/12\/website_block_438x600-1037170-scaled.jpg?resize=1050%2C600 3x, https:\/\/i0.wp.com\/www.vollmundig.org\/vollmundig\/wp-content\/uploads\/2021\/12\/website_block_438x600-1037170-scaled.jpg?resize=1400%2C800 4x"},"classes":[]},{"id":8691,"url":"https:\/\/www.vollmundig.org\/home\/home-4\/","url_meta":{"origin":146,"position":5},"title":"Home","author":"Jessie","date":"14. November 2021","format":false,"excerpt":"kreativstudio Digital strategie | Content Kreation | Fotografie \u00fcber mich dajdslf\u00f6jas TEXT Meine ausgepr\u00e4gte Liebe f\u00fcr Fotographie und gutes Essen haben mich 2016 zur Food-Photography gebracht. Seither erwecke ich Tischgeschichten zum Leben. Angefangen von der Rezeptentwicklung, \u00fcber die Auswahl des passenden Settings und dem Styling bis hin zur Fotografie und\u2026","rel":"","context":"\u00c4hnlicher Beitrag","block_context":{"text":"\u00c4hnlicher Beitrag","link":""},"img":{"alt_text":"","src":"https:\/\/i0.wp.com\/www.vollmundig.org\/vollmundig\/wp-content\/uploads\/2021\/11\/87_Bread_Bakery-OurBreadSection-Img_1.jpg?resize=350%2C200","width":350,"height":200},"classes":[]}],"jetpack_likes_enabled":true,"_links":{"self":[{"href":"https:\/\/www.vollmundig.org\/home\/wp-json\/wp\/v2\/pages\/146","targetHints":{"allow":["GET"]}}],"collection":[{"href":"https:\/\/www.vollmundig.org\/home\/wp-json\/wp\/v2\/pages"}],"about":[{"href":"https:\/\/www.vollmundig.org\/home\/wp-json\/wp\/v2\/types\/page"}],"author":[{"embeddable":true,"href":"https:\/\/www.vollmundig.org\/home\/wp-json\/wp\/v2\/users\/2"}],"replies":[{"embeddable":true,"href":"https:\/\/www.vollmundig.org\/home\/wp-json\/wp\/v2\/comments?post=146"}],"version-history":[{"count":41,"href":"https:\/\/www.vollmundig.org\/home\/wp-json\/wp\/v2\/pages\/146\/revisions"}],"predecessor-version":[{"id":14387,"href":"https:\/\/www.vollmundig.org\/home\/wp-json\/wp\/v2\/pages\/146\/revisions\/14387"}],"wp:attachment":[{"href":"https:\/\/www.vollmundig.org\/home\/wp-json\/wp\/v2\/media?parent=146"}],"curies":[{"name":"wp","href":"https:\/\/api.w.org\/{rel}","templated":true}]}}